{"id":31,"date":"2025-07-27T13:25:16","date_gmt":"2025-07-27T13:25:16","guid":{"rendered":"https:\/\/agadir-menuiserie.com\/1\/a-propos\/"},"modified":"2025-08-01T00:01:55","modified_gmt":"2025-08-01T00:01:55","slug":"a-propos","status":"publish","type":"page","link":"https:\/\/agadir-menuiserie.com\/1\/a-propos\/","title":{"rendered":"\u00c0 propos"},"content":{"rendered":"<p data-start=\"167\" data-end=\"420\"><strong data-start=\"167\" data-end=\"282\">Depuis 1975, notre expertise du bois s\u2019est affirm\u00e9e autour d\u2019une exigence constante de qualit\u00e9 et de pr\u00e9cision.<\/strong> Nous cr\u00e9ons des meubles sur mesure, \u00e0 la fois solides, fonctionnels et pens\u00e9s pour s\u2019int\u00e9grer harmonieusement dans tout type d\u2019int\u00e9rieur.<\/p>\n<p data-start=\"422\" data-end=\"772\">Nous s\u00e9lectionnons rigoureusement des bois de premier choix, reconnus pour leur robustesse et la finesse de leur rendu. Afin de r\u00e9pondre \u00e0 une plus grande diversit\u00e9 de besoins, nous avons progressivement int\u00e9gr\u00e9 des mat\u00e9riaux modernes comme le MDF, offrant davantage de souplesse dans le design tout en respectant nos standards de fabrication \u00e9lev\u00e9s.<\/p>\n<p data-start=\"774\" data-end=\"949\">Chaque pi\u00e8ce est r\u00e9alis\u00e9e avec soin, en alliant savoir-faire artisanal et mat\u00e9riaux fiables, pour offrir \u00e0 nos clients des meubles uniques, durables et esth\u00e9tiquement aboutis.<\/p>\n","protected":false},"excerpt":{"rendered":"<p>Depuis 1975, notre expertise du bois s\u2019est affirm\u00e9e autour d\u2019une exigence constante de qualit\u00e9 et de pr\u00e9cision. Nous cr\u00e9ons des meubles sur mesure, \u00e0 la fois solides, fonctionnels et pens\u00e9s pour s\u2019int\u00e9grer harmonieusement dans tout type d\u2019int\u00e9rieur. Nous s\u00e9lectionnons rigoureusement des bois de premier choix, reconnus pour leur robustesse et la finesse de leur rendu. [&hellip;]<\/p>\n","protected":false},"author":1,"featured_media":0,"parent":0,"menu_order":0,"comment_status":"closed","ping_status":"closed","template":"","meta":{"footnotes":""},"class_list":["post-31","page","type-page","status-publish","hentry"],"_links":{"self":[{"href":"https:\/\/agadir-menuiserie.com\/1\/wp-json\/wp\/v2\/pages\/31","targetHints":{"allow":["GET"]}}],"collection":[{"href":"https:\/\/agadir-menuiserie.com\/1\/wp-json\/wp\/v2\/pages"}],"about":[{"href":"https:\/\/agadir-menuiserie.com\/1\/wp-json\/wp\/v2\/types\/page"}],"author":[{"embeddable":true,"href":"https:\/\/agadir-menuiserie.com\/1\/wp-json\/wp\/v2\/users\/1"}],"replies":[{"embeddable":true,"href":"https:\/\/agadir-menuiserie.com\/1\/wp-json\/wp\/v2\/comments?post=31"}],"version-history":[{"count":3,"href":"https:\/\/agadir-menuiserie.com\/1\/wp-json\/wp\/v2\/pages\/31\/revisions"}],"predecessor-version":[{"id":296,"href":"https:\/\/agadir-menuiserie.com\/1\/wp-json\/wp\/v2\/pages\/31\/revisions\/296"}],"wp:attachment":[{"href":"https:\/\/agadir-menuiserie.com\/1\/wp-json\/wp\/v2\/media?parent=31"}],"curies":[{"name":"wp","href":"https:\/\/api.w.org\/{rel}","templated":true}]}}