{"id":176,"date":"2021-10-19T17:03:52","date_gmt":"2021-10-19T17:03:52","guid":{"rendered":"https:\/\/listinghive.hivepress.io\/?page_id=8"},"modified":"2025-07-29T11:30:42","modified_gmt":"2025-07-29T11:30:42","slug":"home","status":"publish","type":"page","link":"https:\/\/agadir-menuiserie.com\/1\/","title":{"rendered":"Home"},"content":{"rendered":"\r\n<h1 class=\"wp-block-heading has-text-align-center\">L\u2019art du bois sur mesure.<\/h1>\r\n\r\n\r\n\r\n<p class=\"has-text-align-center has-medium-font-size\">Meubles en bois sur mesure pour chaque pi\u00e8ce de votre maison alliant fonctionnalit\u00e9, esth\u00e9tique et fabrication artisanale de qualit\u00e9.<\/p>\r\n\r\n\r\n\r\n<p><!--more--><\/p>\r\n<!--noteaser-->\r\n\r\n <form class=\"hp-form--wide hp-form--primary hp-block hp-form hp-form--listing-search\" action=\"https:\/\/agadir-menuiserie.com\/1\" method=\"GET\" data-component=\"form\"><div class=\"hp-form__messages\" data-component=\"messages\"><\/div><div class=\"hp-form__fields\"><input type=\"hidden\" name=\"post_type\" value=\"hp_listing\" class=\"hp-field hp-field--hidden\"><input type=\"hidden\" name=\"s\" value=\"\" class=\"hp-field hp-field--hidden\"><div class=\"hp-form__field hp-form__field--select\"><select name=\"_category\" data-component=\"select\" class=\"hp-field hp-field--select\"><option value=\"\">Toutes les cat\u00e9gories<\/option><option value=\"69\">Meubles de salon<\/option><option value=\"70\">Meubles de cuisine<\/option><option value=\"71\">Meubles de chambre<\/option><option value=\"72\">Meubles de salle de bain<\/option><option value=\"73\">Meubles d\u2019entr\u00e9e et de couloir<\/option><option value=\"77\">Portes et fen\u00eatres<\/option><option value=\"74\">Menuiserie ext\u00e9rieure<\/option><option value=\"78\">Mobilier pour enfants<\/option><option value=\"79\">Mobilier professionnel<\/option><\/select><\/div><\/div><div class=\"hp-form__footer\"><button type=\"submit\" class=\"hp-form__button button-primary alt button hp-field hp-field--submit\"><span>Rechercher<\/span><\/button><\/div><\/form>\r\n\r\n\r\n<div class=\"wp-block-spacer\" style=\"height: 1px;\" aria-hidden=\"true\">\u00a0<\/div>\r\n\r\n\r\n\r\n<h2 class=\"has-text-align-center content-title wp-block-heading\">Top Categories<\/h2>\r\n\r\n\r\n <div class=\"hp-listing-categories hp-grid hp-block\"><div class=\"hp-row\"><div class=\"hp-grid__item hp-col-sm-4 hp-col-xs-12\"><article class=\"hp-listing-category hp-listing-category--view-block\"><header class=\"hp-listing-category__header\"><div class=\"hp-listing-category__image\">\n\t<a href=\"https:\/\/agadir-menuiserie.com\/1\/listing-category\/salon\/\">\n\t\t\t\t\t<img decoding=\"async\" src=\"https:\/\/agadir-menuiserie.com\/1\/wp-content\/uploads\/2025\/07\/IMG-20250719-WA0079-400x533.jpg\" alt=\"Meubles de salon\" loading=\"lazy\">\n\t\t\t<\/a>\n<\/div>\n<div class=\"hp-listing-category__item-count hp-listing-category__count\">1 annonce<\/div>\n<\/header><div class=\"hp-listing-category__content\"><h3 class=\"hp-listing-category__name\"><a href=\"https:\/\/agadir-menuiserie.com\/1\/listing-category\/salon\/\">Meubles de salon<\/a>\n<\/h3><div class=\"hp-listing-category__details hp-listing-category__details--primary\"><\/div>\t<div class=\"hp-listing-category__description\">Salon traditionnel fabriqu\u00e9 enti\u00e8rement en bois massif de haute qualit\u00e9. Chaque pi\u00e8ce est travaill\u00e9e \u00e0 la main avec soin, dans un style marocain authentique.<\/div>\n\t<\/div><\/article><\/div><div class=\"hp-grid__item hp-col-sm-4 hp-col-xs-12\"><article class=\"hp-listing-category hp-listing-category--view-block\"><header class=\"hp-listing-category__header\"><div class=\"hp-listing-category__image\">\n\t<a href=\"https:\/\/agadir-menuiserie.com\/1\/listing-category\/cuisine\/\">\n\t\t\t\t\t<img decoding=\"async\" src=\"https:\/\/agadir-menuiserie.com\/1\/wp-content\/uploads\/2025\/07\/cuisine_main-1-400x533.jpg\" alt=\"Meubles de cuisine\" loading=\"lazy\">\n\t\t\t<\/a>\n<\/div>\n<div class=\"hp-listing-category__item-count hp-listing-category__count\">0 annonce<\/div>\n<\/header><div class=\"hp-listing-category__content\"><h3 class=\"hp-listing-category__name\"><a href=\"https:\/\/agadir-menuiserie.com\/1\/listing-category\/cuisine\/\">Meubles de cuisine<\/a>\n<\/h3><div class=\"hp-listing-category__details hp-listing-category__details--primary\"><\/div>\t<div class=\"hp-listing-category__description\">Nous proposons des meubles de cuisine esth\u00e9tiques, durables et pratiques, fabriqu\u00e9s avec des mat\u00e9riaux de haute qualit\u00e9, notamment du MDF. Ce mat\u00e9riau r\u00e9sistant permet des finitions soign\u00e9es et offre une excellente tenue dans le temps.<\/div>\n\t<\/div><\/article><\/div><div class=\"hp-grid__item hp-col-sm-4 hp-col-xs-12\"><article class=\"hp-listing-category hp-listing-category--view-block\"><header class=\"hp-listing-category__header\"><div class=\"hp-listing-category__image\">\n\t<a href=\"https:\/\/agadir-menuiserie.com\/1\/listing-category\/chambre\/\">\n\t\t\t\t\t<img decoding=\"async\" src=\"https:\/\/agadir-menuiserie.com\/1\/wp-content\/uploads\/2025\/07\/chambre_main-400x533.jpg\" alt=\"Meubles de chambre\" loading=\"lazy\">\n\t\t\t<\/a>\n<\/div>\n<div class=\"hp-listing-category__item-count hp-listing-category__count\">1 annonce<\/div>\n<\/header><div class=\"hp-listing-category__content\"><h3 class=\"hp-listing-category__name\"><a href=\"https:\/\/agadir-menuiserie.com\/1\/listing-category\/chambre\/\">Meubles de chambre<\/a>\n<\/h3><div class=\"hp-listing-category__details hp-listing-category__details--primary\"><\/div>\t<div class=\"hp-listing-category__description\">Cr\u00e9ez une chambre qui vous ressemble avec des meubles en bois fabriqu\u00e9s sp\u00e9cialement selon vos envies. Que vous aimiez un style moderne ou traditionnel, vous choisissez la taille, la couleur du bois et les d\u00e9tails pour que tout soit parfait dans votre chambre.<\/div>\n\t<\/div><\/article><\/div><\/div><\/div>\r\n\r\n\r\n<h2 class=\"has-text-align-center content-title wp-block-heading\">Recent Listings<\/h2>\r\n\r\n\r\n <div class=\"hp-listings hp-block hp-grid\"><div class=\"hp-row\"><div class=\"hp-grid__item hp-col-sm-4 hp-col-xs-12\"><article class=\"hp-listing hp-listing--view-block\"><header class=\"hp-listing__header\"><div class=\"hp-listing__image\" data-component=\"carousel-slider\" data-preview=\"false\" data-aspect-ratio=\"\" data-url=\"https:\/\/agadir-menuiserie.com\/1\/listing\/armoire-blanc-en-l\/\">\n\t\t\t<a href=\"https:\/\/agadir-menuiserie.com\/1\/listing\/armoire-blanc-en-l\/\">\n\t\t\t\t\t\t\t<img decoding=\"async\" src=\"https:\/\/agadir-menuiserie.com\/1\/wp-content\/uploads\/2025\/08\/IMG-20250720-WA0054-400x300.jpg\" alt=\"Armoire blanc en L\" loading=\"lazy\">\n\t\t\t\t\t<\/a>\n\t<\/div>\n<\/header><div class=\"hp-listing__content\">\t<div class=\"hp-listing__categories hp-listing__category\">\n\t\t\t\t\t<a href=\"https:\/\/agadir-menuiserie.com\/1\/listing-category\/chambre\/\">Meubles de chambre<\/a>\n\t\t\t<\/div>\n\t<h4 class=\"hp-listing__title\"><a href=\"https:\/\/agadir-menuiserie.com\/1\/listing\/armoire-blanc-en-l\/\">Armoire blanc en L<\/a>\n<\/h4><div class=\"hp-listing__details hp-listing__details--primary\"><time class=\"hp-listing__created-date hp-listing__date hp-meta\" datetime=\"2025-08-02 14:10:28\">\n\tAjout\u00e9 le ao\u00fbt 2, 2025<\/time>\n<\/div><\/div><footer class=\"hp-listing__footer\"><div class=\"hp-listing__actions hp-listing__actions--primary\"><\/div><\/footer><\/article><\/div><div class=\"hp-grid__item hp-col-sm-4 hp-col-xs-12\"><article class=\"hp-listing hp-listing--view-block\"><header class=\"hp-listing__header\"><div class=\"hp-listing__image\" data-component=\"carousel-slider\" data-preview=\"false\" data-aspect-ratio=\"\" data-url=\"https:\/\/agadir-menuiserie.com\/1\/listing\/table\/\">\n\t\t\t\t\t<img decoding=\"async\" src=\"https:\/\/agadir-menuiserie.com\/1\/wp-content\/uploads\/2025\/07\/IMG-20250719-WA0077-400x300.jpg\" alt=\"Table\" loading=\"lazy\">\n\t\t\t\t\t\t\t\t<img decoding=\"async\" src=\"https:\/\/agadir-menuiserie.com\/1\/wp-content\/uploads\/2025\/07\/cuisine_main-400x300.jpg\" alt=\"Table\" loading=\"lazy\">\n\t\t\t\t\t\t\t\t<img decoding=\"async\" src=\"https:\/\/agadir-menuiserie.com\/1\/wp-content\/uploads\/2025\/07\/IMG-20250719-WA0018-400x300.jpg\" alt=\"Table\" loading=\"lazy\">\n\t\t\t\t<\/div>\n<\/header><div class=\"hp-listing__content\">\t<div class=\"hp-listing__categories hp-listing__category\">\n\t\t\t\t\t<a href=\"https:\/\/agadir-menuiserie.com\/1\/listing-category\/salon\/\">Meubles de salon<\/a>\n\t\t\t<\/div>\n\t<h4 class=\"hp-listing__title\"><a href=\"https:\/\/agadir-menuiserie.com\/1\/listing\/table\/\">Table<\/a>\n<\/h4><div class=\"hp-listing__details hp-listing__details--primary\"><time class=\"hp-listing__created-date hp-listing__date hp-meta\" datetime=\"2025-07-27 15:06:59\">\n\tAjout\u00e9 le juillet 27, 2025<\/time>\n<\/div><\/div><footer class=\"hp-listing__footer\"><div class=\"hp-listing__actions hp-listing__actions--primary\"><\/div><\/footer><\/article><\/div><div class=\"hp-grid__item hp-col-sm-4 hp-col-xs-12\"><article class=\"hp-listing hp-listing--view-block hp-listing--featured\"><header class=\"hp-listing__header\">\t<div class=\"hp-listing__featured-badge hp-listing__featured\" title=\"Mise en avant\">\n\t\t<i class=\"hp-icon fas fa-star\"><\/i>\n\t<\/div>\n\t<div class=\"hp-listing__image\" data-component=\"carousel-slider\" data-preview=\"false\" data-aspect-ratio=\"\" data-url=\"https:\/\/agadir-menuiserie.com\/1\/listing\/stylish-remodeled-room\/\">\n\t\t\t<a href=\"https:\/\/agadir-menuiserie.com\/1\/listing\/stylish-remodeled-room\/\">\n\t\t\t\t\t\t\t<img decoding=\"async\" src=\"https:\/\/agadir-menuiserie.com\/1\/wp-content\/uploads\/2021\/11\/image-9-400x300.jpg\" alt=\"Stylish remodeled room\" loading=\"lazy\">\n\t\t\t\t\t<\/a>\n\t<\/div>\n<\/header><div class=\"hp-listing__content\"><h4 class=\"hp-listing__title\"><a href=\"https:\/\/agadir-menuiserie.com\/1\/listing\/stylish-remodeled-room\/\">Stylish remodeled room<\/a>\n<\/h4><div class=\"hp-listing__details hp-listing__details--primary\"><time class=\"hp-listing__created-date hp-listing__date hp-meta\" datetime=\"2021-11-17 16:40:45\">\n\tAjout\u00e9 le novembre 17, 2021<\/time>\n<\/div><\/div><footer class=\"hp-listing__footer\"><div class=\"hp-listing__actions hp-listing__actions--primary\"><\/div><\/footer><\/article><\/div><div class=\"hp-grid__item hp-col-sm-4 hp-col-xs-12\"><article class=\"hp-listing hp-listing--view-block hp-listing--featured\"><header class=\"hp-listing__header\">\t<div class=\"hp-listing__featured-badge hp-listing__featured\" title=\"Mise en avant\">\n\t\t<i class=\"hp-icon fas fa-star\"><\/i>\n\t<\/div>\n\t<div class=\"hp-listing__image\" data-component=\"carousel-slider\" data-preview=\"false\" data-aspect-ratio=\"\" data-url=\"https:\/\/agadir-menuiserie.com\/1\/listing\/apple-macbook-pro-15\/\">\n\t\t\t<a href=\"https:\/\/agadir-menuiserie.com\/1\/listing\/apple-macbook-pro-15\/\">\n\t\t\t\t\t\t\t<img decoding=\"async\" src=\"https:\/\/agadir-menuiserie.com\/1\/wp-content\/uploads\/2021\/11\/image-1-400x300.jpg\" alt=\"Apple MacBook Pro 15&quot;\" loading=\"lazy\">\n\t\t\t\t\t<\/a>\n\t<\/div>\n<\/header><div class=\"hp-listing__content\"><h4 class=\"hp-listing__title\"><a href=\"https:\/\/agadir-menuiserie.com\/1\/listing\/apple-macbook-pro-15\/\">Apple MacBook Pro 15&quot;<\/a>\n<\/h4><div class=\"hp-listing__details hp-listing__details--primary\"><time class=\"hp-listing__created-date hp-listing__date hp-meta\" datetime=\"2021-11-17 15:50:28\">\n\tAjout\u00e9 le novembre 17, 2021<\/time>\n<\/div><\/div><footer class=\"hp-listing__footer\"><div class=\"hp-listing__actions hp-listing__actions--primary\"><\/div><\/footer><\/article><\/div><div class=\"hp-grid__item hp-col-sm-4 hp-col-xs-12\"><article class=\"hp-listing hp-listing--view-block\"><header class=\"hp-listing__header\"><div class=\"hp-listing__image\" data-component=\"carousel-slider\" data-preview=\"false\" data-aspect-ratio=\"\" data-url=\"https:\/\/agadir-menuiserie.com\/1\/listing\/pink-moleskine-notebook\/\">\n\t\t\t<a href=\"https:\/\/agadir-menuiserie.com\/1\/listing\/pink-moleskine-notebook\/\">\n\t\t\t\t\t\t\t<img decoding=\"async\" src=\"https:\/\/agadir-menuiserie.com\/1\/wp-content\/uploads\/2021\/11\/image-3-400x300.jpg\" alt=\"Pink Moleskine notebook\" loading=\"lazy\">\n\t\t\t\t\t<\/a>\n\t<\/div>\n<\/header><div class=\"hp-listing__content\"><h4 class=\"hp-listing__title\"><a href=\"https:\/\/agadir-menuiserie.com\/1\/listing\/pink-moleskine-notebook\/\">Pink Moleskine notebook<\/a>\n<\/h4><div class=\"hp-listing__details hp-listing__details--primary\"><time class=\"hp-listing__created-date hp-listing__date hp-meta\" datetime=\"2021-11-17 15:40:22\">\n\tAjout\u00e9 le novembre 17, 2021<\/time>\n<\/div><\/div><footer class=\"hp-listing__footer\"><div class=\"hp-listing__actions hp-listing__actions--primary\"><\/div><\/footer><\/article><\/div><div class=\"hp-grid__item hp-col-sm-4 hp-col-xs-12\"><article class=\"hp-listing hp-listing--view-block\"><header class=\"hp-listing__header\"><div class=\"hp-listing__image\" data-component=\"carousel-slider\" data-preview=\"false\" data-aspect-ratio=\"\" data-url=\"https:\/\/agadir-menuiserie.com\/1\/listing\/bang-olufsen-speaker\/\">\n\t\t\t<a href=\"https:\/\/agadir-menuiserie.com\/1\/listing\/bang-olufsen-speaker\/\">\n\t\t\t\t\t\t\t<img decoding=\"async\" src=\"https:\/\/agadir-menuiserie.com\/1\/wp-content\/uploads\/2021\/10\/image-2-400x300.jpg\" alt=\"Bang &amp; Olufsen speaker\" loading=\"lazy\">\n\t\t\t\t\t<\/a>\n\t<\/div>\n<\/header><div class=\"hp-listing__content\"><h4 class=\"hp-listing__title\"><a href=\"https:\/\/agadir-menuiserie.com\/1\/listing\/bang-olufsen-speaker\/\">Bang &amp; Olufsen speaker<\/a>\n<\/h4><div class=\"hp-listing__details hp-listing__details--primary\"><time class=\"hp-listing__created-date hp-listing__date hp-meta\" datetime=\"2021-11-17 15:17:16\">\n\tAjout\u00e9 le novembre 17, 2021<\/time>\n<\/div><\/div><footer class=\"hp-listing__footer\"><div class=\"hp-listing__actions hp-listing__actions--primary\"><\/div><\/footer><\/article><\/div><\/div><\/div>","protected":false},"excerpt":{"rendered":"<p>L\u2019art du bois sur mesure. Meubles en bois sur mesure pour chaque pi\u00e8ce de votre maison alliant fonctionnalit\u00e9, esth\u00e9tique et fabrication artisanale de qualit\u00e9.<\/p>\n","protected":false},"author":1,"featured_media":0,"parent":0,"menu_order":0,"comment_status":"closed","ping_status":"closed","template":"","meta":{"footnotes":""},"class_list":["post-176","page","type-page","status-publish","hentry"],"_links":{"self":[{"href":"https:\/\/agadir-menuiserie.com\/1\/wp-json\/wp\/v2\/pages\/176","targetHints":{"allow":["GET"]}}],"collection":[{"href":"https:\/\/agadir-menuiserie.com\/1\/wp-json\/wp\/v2\/pages"}],"about":[{"href":"https:\/\/agadir-menuiserie.com\/1\/wp-json\/wp\/v2\/types\/page"}],"author":[{"embeddable":true,"href":"https:\/\/agadir-menuiserie.com\/1\/wp-json\/wp\/v2\/users\/1"}],"replies":[{"embeddable":true,"href":"https:\/\/agadir-menuiserie.com\/1\/wp-json\/wp\/v2\/comments?post=176"}],"version-history":[{"count":2,"href":"https:\/\/agadir-menuiserie.com\/1\/wp-json\/wp\/v2\/pages\/176\/revisions"}],"predecessor-version":[{"id":225,"href":"https:\/\/agadir-menuiserie.com\/1\/wp-json\/wp\/v2\/pages\/176\/revisions\/225"}],"wp:attachment":[{"href":"https:\/\/agadir-menuiserie.com\/1\/wp-json\/wp\/v2\/media?parent=176"}],"curies":[{"name":"wp","href":"https:\/\/api.w.org\/{rel}","templated":true}]}}